{"id":515,"date":"2019-05-14T14:58:07","date_gmt":"2019-05-14T14:58:07","guid":{"rendered":"https:\/\/staging.thingstodoinamsterdam.com\/?page_id=515"},"modified":"2021-08-20T11:21:20","modified_gmt":"2021-08-20T10:21:20","slug":"restaurants-italiens-a-amsterdam","status":"publish","type":"page","link":"https:\/\/staging.thingstodoinamsterdam.com\/fr\/restaurants-a-amsterdam\/restaurants-italiens-a-amsterdam\/","title":{"rendered":"Restaurants italiens \u00e0 Amsterdam"},"content":{"rendered":"<div class=\"wpb-content-wrapper\"><p>[vc_row][vc_column][vc_column_text]\u00c0 la recherche d&#8217;un restaurant italien\u00a0\u00e0 Amsterdam ? Ne vous inqui\u00e9tez pas, il y en a \u00e9norm\u00e9ment et sur\u00a0cette page vous trouverez les meilleurs\u00a0de la ville !<\/p><div id=\"ez-toc-container\" class=\"ez-toc-v2_0_82_2 counter-hierarchy ez-toc-counter ez-toc-custom ez-toc-container-direction\">\n<div class=\"ez-toc-title-container\">\n<span class=\"ez-toc-title-toggle\"><a href=\"#\" class=\"ez-toc-pull-right ez-toc-btn ez-toc-btn-xs ez-toc-btn-default ez-toc-toggle\" aria-label=\"Toggle Table of Content\"><span class=\"ez-toc-js-icon-con\"><span class=\"\"><span class=\"eztoc-hide\" style=\"display:none;\">Toggle<\/span><span class=\"ez-toc-icon-toggle-span\"><svg style=\"fill: #999;color:#999\" xmlns=\"http:\/\/www.w3.org\/2000\/svg\" class=\"list-377408\" width=\"20px\" height=\"20px\" viewBox=\"0 0 24 24\" fill=\"none\"><path d=\"M6 6H4v2h2V6zm14 0H8v2h12V6zM4 11h2v2H4v-2zm16 0H8v2h12v-2zM4 16h2v2H4v-2zm16 0H8v2h12v-2z\" fill=\"currentColor\"><\/path><\/svg><svg style=\"fill: #999;color:#999\" class=\"arrow-unsorted-368013\" xmlns=\"http:\/\/www.w3.org\/2000\/svg\" width=\"10px\" height=\"10px\" viewBox=\"0 0 24 24\" version=\"1.2\" baseProfile=\"tiny\"><path d=\"M18.2 9.3l-6.2-6.3-6.2 6.3c-.2.2-.3.4-.3.7s.1.5.3.7c.2.2.4.3.7.3h11c.3 0 .5-.1.7-.3.2-.2.3-.5.3-.7s-.1-.5-.3-.7zM5.8 14.7l6.2 6.3 6.2-6.3c.2-.2.3-.5.3-.7s-.1-.5-.3-.7c-.2-.2-.4-.3-.7-.3h-11c-.3 0-.5.1-.7.3-.2.2-.3.5-.3.7s.1.5.3.7z\"\/><\/svg><\/span><\/span><\/span><\/a><\/span><\/div>\n<nav><ul class='ez-toc-list ez-toc-list-level-1 ' ><li class='ez-toc-page-1 ez-toc-heading-level-2'><a class=\"ez-toc-link ez-toc-heading-1\" href=\"https:\/\/staging.thingstodoinamsterdam.com\/fr\/restaurants-a-amsterdam\/restaurants-italiens-a-amsterdam\/#cuisine-italienne\" >Cuisine italienne<\/a><\/li><li class='ez-toc-page-1 ez-toc-heading-level-2'><a class=\"ez-toc-link ez-toc-heading-2\" href=\"https:\/\/staging.thingstodoinamsterdam.com\/fr\/restaurants-a-amsterdam\/restaurants-italiens-a-amsterdam\/#restaurants-italiens-a-amsterdam\" >Restaurants italiens \u00e0 Amsterdam<\/a><\/li><\/ul><\/nav><\/div>\n\n<p>Nous vous avons s\u00e9lectionn\u00e9 des restaurants plus ou moins chers, en fonction de votre budget ![\/vc_column_text][\/vc_column][\/vc_row][vc_row][vc_column][promo_block style_var=&#8221;style2&#8243; el_id=&#8221;1565783992002-d259bbd7-093e&#8221;][promo link=&#8221;|title:Sugo||&#8221; price=&#8221;\u20ac&#8221; address=&#8221;RmVyZGluYW5kJTIwQm9sc3RyYWF0JTIwMTA3JTJDJTIwMTA3MkxF&#8221; text=&#8221;Ce restaurant est un lieu excellent pour d\u2019excellentes pizzas italiennes !&#8221; img=&#8221;3114&#8243;][promo link=&#8221;|title:Faam||&#8221; price=&#8221;\u20ac\u20ac&#8221; address=&#8221;UmVpbmllciUyMENsYWVzemVuc3RyYWF0JTIwMTAlMkMlMjAxMDU2JTIwV0o=&#8221; text=&#8221;D\u00e9licieux plats italiens pour un rapport qualit\u00e9-prix excellent !&#8221; img=&#8221;3112&#8243;][promo link=&#8221;|title:Diverto||&#8221; price=&#8221;\u20ac\u20ac\u20ac&#8221; address=&#8221;T3ZlcnRvb20lMjAyOCUyQyUyMDEwNTQlMjBISg==&#8221; text=&#8221;Diverto offre un concept unique o\u00f9 les invit\u00e9s commandent plusieurs petits plats qui sont g\u00e9n\u00e9ralement partag\u00e9s autour de la table.&#8221; img=&#8221;3110&#8243;][\/promo_block][\/vc_column][\/vc_row][vc_row][vc_column][vc_column_text]<\/p>\n<h2><span class=\"ez-toc-section\" id=\"cuisine-italienne\"><\/span>Cuisine italienne<span class=\"ez-toc-section-end\"><\/span><\/h2>\n<p>La cuisine italienne est tr\u00e8s populaire dans le monde entier !\u00a0\u00c0 Amsterdam vous trouverez de tr\u00e8s bonnes pizzas, lasagnes\u00a0ou de nombreux plats \u00e0 base de p\u00e2tes. La cuisine italienne est caract\u00e9ris\u00e9e par des ingr\u00e9dients tels que\u00a0le basilic, l&#8217;ail, le poivre\u00a0et l&#8217;huile\u00a0d&#8217;olive. Les pizzas et les p\u00e2tes sont des plats typiques, mais n&#8217;h\u00e9sitez pas \u00e0 essayer le risotto ou la cuisine italienne \u00e0 base de viande ou de poisson.<\/p>\n<p>&nbsp;<\/p>\n<h2><span class=\"ez-toc-section\" id=\"restaurants-italiens-a-amsterdam\"><\/span>Restaurants italiens \u00e0 Amsterdam<span class=\"ez-toc-section-end\"><\/span><\/h2>\n<p>Vous avez\u00a0un restaurant italien\u00a0\u00e0 nous proposer ?\u00a0N&#8217;h\u00e9sitez pas \u00e0 <a href=\"https:\/\/staging.thingstodoinamsterdam.com\/fr\/a-propos\/\">nous contacter<\/a> !<\/p>\n<p>Jetez un coup d&#8217;oeil aux autres <a href=\"https:\/\/staging.thingstodoinamsterdam.com\/fr\/restaurants-a-amsterdam\/\">restaurants \u00e0 Amsterdam<\/a> ![\/vc_column_text][\/vc_column][\/vc_row]<\/p>\n<\/div>","protected":false},"excerpt":{"rendered":"<p>[vc_row][vc_column][vc_column_text]\u00c0 la recherche d&#8217;un restaurant italien\u00a0\u00e0 Amsterdam ? Ne vous inqui\u00e9tez pas, il y en a \u00e9norm\u00e9ment et sur\u00a0cette page vous trouverez les meilleurs\u00a0de la\u2026<\/p>\n","protected":false},"author":1,"featured_media":11004,"parent":259,"menu_order":0,"comment_status":"closed","ping_status":"closed","template":"","meta":{"footnotes":""},"class_list":["post-515","page","type-page","status-publish","has-post-thumbnail","hentry"],"yoast_head":"<!-- This site is optimized with the Yoast SEO plugin v27.5 - https:\/\/yoast.com\/product\/yoast-seo-wordpress\/ -->\n<title>Restaurants italiens \u00e0 Amsterdam - notre s\u00e9lection de restaurants italiens<\/title>\n<meta name=\"description\" content=\"D\u00e9couvrez les meilleurs restaurants italiens \u00e0 Amsterdam ! Notre s\u00e9lection de restaurants italiens plus ou moins chers \u00e0 Amsterdam.\" \/>\n<meta name=\"robots\" content=\"index, follow, max-snippet:-1, max-image-preview:large, max-video-preview:-1\" \/>\n<link rel=\"canonical\" href=\"https:\/\/staging.thingstodoinamsterdam.com\/fr\/restaurants-a-amsterdam\/restaurants-italiens-a-amsterdam\/\" \/>\n<meta property=\"og:locale\" content=\"fr_FR\" \/>\n<meta property=\"og:type\" content=\"article\" \/>\n<meta property=\"og:title\" content=\"Restaurants italiens \u00e0 Amsterdam - notre s\u00e9lection de restaurants italiens\" \/>\n<meta property=\"og:description\" content=\"D\u00e9couvrez les meilleurs restaurants italiens \u00e0 Amsterdam ! Notre s\u00e9lection de restaurants italiens plus ou moins chers \u00e0 Amsterdam.\" \/>\n<meta property=\"og:url\" content=\"https:\/\/staging.thingstodoinamsterdam.com\/fr\/restaurants-a-amsterdam\/restaurants-italiens-a-amsterdam\/\" \/>\n<meta property=\"og:site_name\" content=\"ThingstodoinAmsterdam.com\" \/>\n<meta property=\"article:publisher\" content=\"https:\/\/www.facebook.com\/thingstodoinamsterdamcom\" \/>\n<meta property=\"article:modified_time\" content=\"2021-08-20T10:21:20+00:00\" \/>\n<meta property=\"og:image\" content=\"https:\/\/thingstodoinamsterdam.com\/wp-content\/uploads\/2021\/08\/Italiaanse_restaurants-500.jpg\" \/>\n\t<meta property=\"og:image:width\" content=\"500\" \/>\n\t<meta property=\"og:image:height\" content=\"334\" \/>\n\t<meta property=\"og:image:type\" content=\"image\/jpeg\" \/>\n<meta name=\"twitter:card\" content=\"summary_large_image\" \/>\n<meta name=\"twitter:label1\" content=\"Est. reading time\" \/>\n\t<meta name=\"twitter:data1\" content=\"1 minute\" \/>\n<script type=\"application\/ld+json\" class=\"yoast-schema-graph\">{\"@context\":\"https:\\\/\\\/schema.org\",\"@graph\":[{\"@type\":\"WebPage\",\"@id\":\"https:\\\/\\\/staging.thingstodoinamsterdam.com\\\/fr\\\/restaurants-a-amsterdam\\\/restaurants-italiens-a-amsterdam\\\/\",\"url\":\"https:\\\/\\\/staging.thingstodoinamsterdam.com\\\/fr\\\/restaurants-a-amsterdam\\\/restaurants-italiens-a-amsterdam\\\/\",\"name\":\"Restaurants italiens \u00e0 Amsterdam - notre s\u00e9lection de restaurants italiens\",\"isPartOf\":{\"@id\":\"https:\\\/\\\/thingstodoinamsterdam.com\\\/#website\"},\"primaryImageOfPage\":{\"@id\":\"https:\\\/\\\/staging.thingstodoinamsterdam.com\\\/fr\\\/restaurants-a-amsterdam\\\/restaurants-italiens-a-amsterdam\\\/#primaryimage\"},\"image\":{\"@id\":\"https:\\\/\\\/staging.thingstodoinamsterdam.com\\\/fr\\\/restaurants-a-amsterdam\\\/restaurants-italiens-a-amsterdam\\\/#primaryimage\"},\"thumbnailUrl\":\"https:\\\/\\\/staging.thingstodoinamsterdam.com\\\/wp-content\\\/uploads\\\/2021\\\/08\\\/Italiaanse_restaurants-500.jpg\",\"datePublished\":\"2019-05-14T14:58:07+00:00\",\"dateModified\":\"2021-08-20T10:21:20+00:00\",\"description\":\"D\u00e9couvrez les meilleurs restaurants italiens \u00e0 Amsterdam ! Notre s\u00e9lection de restaurants italiens plus ou moins chers \u00e0 Amsterdam.\",\"breadcrumb\":{\"@id\":\"https:\\\/\\\/staging.thingstodoinamsterdam.com\\\/fr\\\/restaurants-a-amsterdam\\\/restaurants-italiens-a-amsterdam\\\/#breadcrumb\"},\"inLanguage\":\"fr\",\"potentialAction\":[{\"@type\":\"ReadAction\",\"target\":[\"https:\\\/\\\/staging.thingstodoinamsterdam.com\\\/fr\\\/restaurants-a-amsterdam\\\/restaurants-italiens-a-amsterdam\\\/\"]}]},{\"@type\":\"ImageObject\",\"inLanguage\":\"fr\",\"@id\":\"https:\\\/\\\/staging.thingstodoinamsterdam.com\\\/fr\\\/restaurants-a-amsterdam\\\/restaurants-italiens-a-amsterdam\\\/#primaryimage\",\"url\":\"https:\\\/\\\/staging.thingstodoinamsterdam.com\\\/wp-content\\\/uploads\\\/2021\\\/08\\\/Italiaanse_restaurants-500.jpg\",\"contentUrl\":\"https:\\\/\\\/staging.thingstodoinamsterdam.com\\\/wp-content\\\/uploads\\\/2021\\\/08\\\/Italiaanse_restaurants-500.jpg\",\"width\":500,\"height\":334},{\"@type\":\"BreadcrumbList\",\"@id\":\"https:\\\/\\\/staging.thingstodoinamsterdam.com\\\/fr\\\/restaurants-a-amsterdam\\\/restaurants-italiens-a-amsterdam\\\/#breadcrumb\",\"itemListElement\":[{\"@type\":\"ListItem\",\"position\":1,\"name\":\"Visiter Amsterdam\",\"item\":\"https:\\\/\\\/thingstodoinamsterdam.com\\\/fr\\\/\"},{\"@type\":\"ListItem\",\"position\":2,\"name\":\"Restaurants Amsterdam\",\"item\":\"https:\\\/\\\/thingstodoinamsterdam.com\\\/fr\\\/restaurants-a-amsterdam\\\/\"},{\"@type\":\"ListItem\",\"position\":3,\"name\":\"Restaurants italiens \u00e0 Amsterdam\"}]},{\"@type\":\"WebSite\",\"@id\":\"https:\\\/\\\/thingstodoinamsterdam.com\\\/#website\",\"url\":\"https:\\\/\\\/thingstodoinamsterdam.com\\\/\",\"name\":\"ThingstodoinAmsterdam.com\",\"description\":\"Amsterdam&#039;s highlights and hidden secrets\",\"publisher\":{\"@id\":\"https:\\\/\\\/thingstodoinamsterdam.com\\\/#organization\"},\"potentialAction\":[{\"@type\":\"SearchAction\",\"target\":{\"@type\":\"EntryPoint\",\"urlTemplate\":\"https:\\\/\\\/thingstodoinamsterdam.com\\\/?s={search_term_string}\"},\"query-input\":{\"@type\":\"PropertyValueSpecification\",\"valueRequired\":true,\"valueName\":\"search_term_string\"}}],\"inLanguage\":\"fr\"},{\"@type\":\"Organization\",\"@id\":\"https:\\\/\\\/thingstodoinamsterdam.com\\\/#organization\",\"name\":\"Visiter Amsterdam\",\"url\":\"https:\\\/\\\/thingstodoinamsterdam.com\\\/\",\"logo\":{\"@type\":\"ImageObject\",\"inLanguage\":\"fr\",\"@id\":\"https:\\\/\\\/thingstodoinamsterdam.com\\\/#\\\/schema\\\/logo\\\/image\\\/\",\"url\":\"https:\\\/\\\/staging.thingstodoinamsterdam.com\\\/wp-content\\\/uploads\\\/2025\\\/02\\\/ThingsToDoInAmsterdam-Favicon-logo.png\",\"contentUrl\":\"https:\\\/\\\/staging.thingstodoinamsterdam.com\\\/wp-content\\\/uploads\\\/2025\\\/02\\\/ThingsToDoInAmsterdam-Favicon-logo.png\",\"width\":512,\"height\":512,\"caption\":\"Visiter Amsterdam\"},\"image\":{\"@id\":\"https:\\\/\\\/thingstodoinamsterdam.com\\\/#\\\/schema\\\/logo\\\/image\\\/\"},\"sameAs\":[\"https:\\\/\\\/www.facebook.com\\\/thingstodoinamsterdamcom\"]}]}<\/script>\n<!-- \/ Yoast SEO plugin. -->","yoast_head_json":{"title":"Restaurants italiens \u00e0 Amsterdam - notre s\u00e9lection de restaurants italiens","description":"D\u00e9couvrez les meilleurs restaurants italiens \u00e0 Amsterdam ! Notre s\u00e9lection de restaurants italiens plus ou moins chers \u00e0 Amsterdam.","robots":{"index":"index","follow":"follow","max-snippet":"max-snippet:-1","max-image-preview":"max-image-preview:large","max-video-preview":"max-video-preview:-1"},"canonical":"https:\/\/staging.thingstodoinamsterdam.com\/fr\/restaurants-a-amsterdam\/restaurants-italiens-a-amsterdam\/","og_locale":"fr_FR","og_type":"article","og_title":"Restaurants italiens \u00e0 Amsterdam - notre s\u00e9lection de restaurants italiens","og_description":"D\u00e9couvrez les meilleurs restaurants italiens \u00e0 Amsterdam ! Notre s\u00e9lection de restaurants italiens plus ou moins chers \u00e0 Amsterdam.","og_url":"https:\/\/staging.thingstodoinamsterdam.com\/fr\/restaurants-a-amsterdam\/restaurants-italiens-a-amsterdam\/","og_site_name":"ThingstodoinAmsterdam.com","article_publisher":"https:\/\/www.facebook.com\/thingstodoinamsterdamcom","article_modified_time":"2021-08-20T10:21:20+00:00","og_image":[{"width":500,"height":334,"url":"https:\/\/thingstodoinamsterdam.com\/wp-content\/uploads\/2021\/08\/Italiaanse_restaurants-500.jpg","type":"image\/jpeg"}],"twitter_card":"summary_large_image","twitter_misc":{"Est. reading time":"1 minute"},"schema":{"@context":"https:\/\/schema.org","@graph":[{"@type":"WebPage","@id":"https:\/\/staging.thingstodoinamsterdam.com\/fr\/restaurants-a-amsterdam\/restaurants-italiens-a-amsterdam\/","url":"https:\/\/staging.thingstodoinamsterdam.com\/fr\/restaurants-a-amsterdam\/restaurants-italiens-a-amsterdam\/","name":"Restaurants italiens \u00e0 Amsterdam - notre s\u00e9lection de restaurants italiens","isPartOf":{"@id":"https:\/\/thingstodoinamsterdam.com\/#website"},"primaryImageOfPage":{"@id":"https:\/\/staging.thingstodoinamsterdam.com\/fr\/restaurants-a-amsterdam\/restaurants-italiens-a-amsterdam\/#primaryimage"},"image":{"@id":"https:\/\/staging.thingstodoinamsterdam.com\/fr\/restaurants-a-amsterdam\/restaurants-italiens-a-amsterdam\/#primaryimage"},"thumbnailUrl":"https:\/\/staging.thingstodoinamsterdam.com\/wp-content\/uploads\/2021\/08\/Italiaanse_restaurants-500.jpg","datePublished":"2019-05-14T14:58:07+00:00","dateModified":"2021-08-20T10:21:20+00:00","description":"D\u00e9couvrez les meilleurs restaurants italiens \u00e0 Amsterdam ! Notre s\u00e9lection de restaurants italiens plus ou moins chers \u00e0 Amsterdam.","breadcrumb":{"@id":"https:\/\/staging.thingstodoinamsterdam.com\/fr\/restaurants-a-amsterdam\/restaurants-italiens-a-amsterdam\/#breadcrumb"},"inLanguage":"fr","potentialAction":[{"@type":"ReadAction","target":["https:\/\/staging.thingstodoinamsterdam.com\/fr\/restaurants-a-amsterdam\/restaurants-italiens-a-amsterdam\/"]}]},{"@type":"ImageObject","inLanguage":"fr","@id":"https:\/\/staging.thingstodoinamsterdam.com\/fr\/restaurants-a-amsterdam\/restaurants-italiens-a-amsterdam\/#primaryimage","url":"https:\/\/staging.thingstodoinamsterdam.com\/wp-content\/uploads\/2021\/08\/Italiaanse_restaurants-500.jpg","contentUrl":"https:\/\/staging.thingstodoinamsterdam.com\/wp-content\/uploads\/2021\/08\/Italiaanse_restaurants-500.jpg","width":500,"height":334},{"@type":"BreadcrumbList","@id":"https:\/\/staging.thingstodoinamsterdam.com\/fr\/restaurants-a-amsterdam\/restaurants-italiens-a-amsterdam\/#breadcrumb","itemListElement":[{"@type":"ListItem","position":1,"name":"Visiter Amsterdam","item":"https:\/\/thingstodoinamsterdam.com\/fr\/"},{"@type":"ListItem","position":2,"name":"Restaurants Amsterdam","item":"https:\/\/thingstodoinamsterdam.com\/fr\/restaurants-a-amsterdam\/"},{"@type":"ListItem","position":3,"name":"Restaurants italiens \u00e0 Amsterdam"}]},{"@type":"WebSite","@id":"https:\/\/thingstodoinamsterdam.com\/#website","url":"https:\/\/thingstodoinamsterdam.com\/","name":"ThingstodoinAmsterdam.com","description":"Amsterdam&#039;s highlights and hidden secrets","publisher":{"@id":"https:\/\/thingstodoinamsterdam.com\/#organization"},"potentialAction":[{"@type":"SearchAction","target":{"@type":"EntryPoint","urlTemplate":"https:\/\/thingstodoinamsterdam.com\/?s={search_term_string}"},"query-input":{"@type":"PropertyValueSpecification","valueRequired":true,"valueName":"search_term_string"}}],"inLanguage":"fr"},{"@type":"Organization","@id":"https:\/\/thingstodoinamsterdam.com\/#organization","name":"Visiter Amsterdam","url":"https:\/\/thingstodoinamsterdam.com\/","logo":{"@type":"ImageObject","inLanguage":"fr","@id":"https:\/\/thingstodoinamsterdam.com\/#\/schema\/logo\/image\/","url":"https:\/\/staging.thingstodoinamsterdam.com\/wp-content\/uploads\/2025\/02\/ThingsToDoInAmsterdam-Favicon-logo.png","contentUrl":"https:\/\/staging.thingstodoinamsterdam.com\/wp-content\/uploads\/2025\/02\/ThingsToDoInAmsterdam-Favicon-logo.png","width":512,"height":512,"caption":"Visiter Amsterdam"},"image":{"@id":"https:\/\/thingstodoinamsterdam.com\/#\/schema\/logo\/image\/"},"sameAs":["https:\/\/www.facebook.com\/thingstodoinamsterdamcom"]}]}},"_links":{"self":[{"href":"https:\/\/staging.thingstodoinamsterdam.com\/fr\/wp-json\/wp\/v2\/pages\/515","targetHints":{"allow":["GET"]}}],"collection":[{"href":"https:\/\/staging.thingstodoinamsterdam.com\/fr\/wp-json\/wp\/v2\/pages"}],"about":[{"href":"https:\/\/staging.thingstodoinamsterdam.com\/fr\/wp-json\/wp\/v2\/types\/page"}],"author":[{"embeddable":true,"href":"https:\/\/staging.thingstodoinamsterdam.com\/fr\/wp-json\/wp\/v2\/users\/1"}],"replies":[{"embeddable":true,"href":"https:\/\/staging.thingstodoinamsterdam.com\/fr\/wp-json\/wp\/v2\/comments?post=515"}],"version-history":[{"count":3,"href":"https:\/\/staging.thingstodoinamsterdam.com\/fr\/wp-json\/wp\/v2\/pages\/515\/revisions"}],"predecessor-version":[{"id":11008,"href":"https:\/\/staging.thingstodoinamsterdam.com\/fr\/wp-json\/wp\/v2\/pages\/515\/revisions\/11008"}],"up":[{"embeddable":true,"href":"https:\/\/staging.thingstodoinamsterdam.com\/fr\/wp-json\/wp\/v2\/pages\/259"}],"wp:featuredmedia":[{"embeddable":true,"href":"https:\/\/staging.thingstodoinamsterdam.com\/fr\/wp-json\/wp\/v2\/media\/11004"}],"wp:attachment":[{"href":"https:\/\/staging.thingstodoinamsterdam.com\/fr\/wp-json\/wp\/v2\/media?parent=515"}],"curies":[{"name":"wp","href":"https:\/\/api.w.org\/{rel}","templated":true}]}}